{"id":177,"date":"2023-12-19T11:29:52","date_gmt":"2023-12-19T11:29:52","guid":{"rendered":"https:\/\/hotelmaterra.com\/?page_id=177"},"modified":"2024-08-13T08:35:48","modified_gmt":"2024-08-13T08:35:48","slug":"deluxe-room","status":"publish","type":"page","link":"https:\/\/staging.hotelmaterra.com\/en\/deluxe-soba\/","title":{"rendered":"Deluxe room"},"content":{"rendered":"","protected":false},"excerpt":{"rendered":"","protected":false},"author":1,"featured_media":179,"parent":0,"menu_order":0,"comment_status":"closed","ping_status":"closed","template":"","meta":{"footnotes":""},"class_list":["post-177","page","type-page","status-publish","has-post-thumbnail","hentry"],"yoast_head":"<!-- This site is optimized with the Yoast SEO plugin v27.1.1 - https:\/\/yoast.com\/product\/yoast-seo-wordpress\/ -->\n<title>Deluxe Soba - Hotel Materra<\/title>\n<meta name=\"description\" content=\"Svaka soba pozorno je osmi\u0161ljena tako \u0161to smo spojili udobnost suvremenoga dizajna s prirodnim elementima koji su refleksija prirodnoga okoli\u0161a. U elegantno ure\u0111enim sobama minimalisti\u010dki dizajn spaja se s prirodom.\" \/>\n<meta name=\"robots\" content=\"noindex, follow, max-snippet:-1, max-image-preview:large, max-video-preview:-1\" \/>\n<meta property=\"og:locale\" content=\"en_US\" \/>\n<meta property=\"og:type\" content=\"article\" \/>\n<meta property=\"og:title\" content=\"Hotel Materra - Deluxe Room\" \/>\n<meta property=\"og:description\" content=\"Svaka soba pozorno je osmi\u0161ljena tako \u0161to smo spojili udobnost suvremenoga dizajna s prirodnim elementima koji su refleksija prirodnoga okoli\u0161a. U elegantno ure\u0111enim sobama minimalisti\u010dki dizajn spaja se s prirodom.\" \/>\n<meta property=\"og:url\" content=\"https:\/\/staging.hotelmaterra.com\/en\/deluxe-room\/\" \/>\n<meta property=\"og:site_name\" content=\"Hotel Materra\" \/>\n<meta property=\"article:publisher\" content=\"https:\/\/www.facebook.com\/hotelmaterra\" \/>\n<meta property=\"article:modified_time\" content=\"2024-08-13T08:35:48+00:00\" \/>\n<meta property=\"og:image\" content=\"https:\/\/staging.hotelmaterra.com\/wp-content\/uploads\/2023\/12\/IMG_3156.webp\" \/>\n\t<meta property=\"og:image:width\" content=\"2500\" \/>\n\t<meta property=\"og:image:height\" content=\"1667\" \/>\n\t<meta property=\"og:image:type\" content=\"image\/webp\" \/>\n<meta name=\"twitter:card\" content=\"summary_large_image\" \/>\n<meta name=\"twitter:title\" content=\"Hotel Materra - Deluxe Room\" \/>\n<meta name=\"twitter:description\" content=\"Svaka soba pozorno je osmi\u0161ljena tako \u0161to smo spojili udobnost suvremenoga dizajna s prirodnim elementima koji su refleksija prirodnoga okoli\u0161a. U elegantno ure\u0111enim sobama minimalisti\u010dki dizajn spaja se s prirodom.\" \/>\n<meta name=\"twitter:image\" content=\"https:\/\/staging.hotelmaterra.com\/wp-content\/uploads\/2023\/12\/IMG_3156.webp\" \/>\n<meta name=\"twitter:label1\" content=\"Est. reading time\" \/>\n\t<meta name=\"twitter:data1\" content=\"2 minutes\" \/>\n<script type=\"application\/ld+json\" class=\"yoast-schema-graph\">{\"@context\":\"https:\/\/schema.org\",\"@graph\":[{\"@type\":\"WebPage\",\"@id\":\"https:\/\/staging.hotelmaterra.com\/deluxe-soba\/\",\"url\":\"https:\/\/staging.hotelmaterra.com\/deluxe-soba\/\",\"name\":\"Deluxe Soba - Hotel Materra\",\"isPartOf\":{\"@id\":\"https:\/\/staging.hotelmaterra.com\/#website\"},\"primaryImageOfPage\":{\"@id\":\"https:\/\/staging.hotelmaterra.com\/deluxe-soba\/#primaryimage\"},\"image\":{\"@id\":\"https:\/\/staging.hotelmaterra.com\/deluxe-soba\/#primaryimage\"},\"thumbnailUrl\":\"https:\/\/staging.hotelmaterra.com\/wp-content\/uploads\/2023\/12\/IMG_3156.webp\",\"datePublished\":\"2023-12-19T11:29:52+00:00\",\"dateModified\":\"2024-08-13T08:35:48+00:00\",\"description\":\"Svaka soba pozorno je osmi\u0161ljena tako \u0161to smo spojili udobnost suvremenoga dizajna s prirodnim elementima koji su refleksija prirodnoga okoli\u0161a. U elegantno ure\u0111enim sobama minimalisti\u010dki dizajn spaja se s prirodom.\",\"inLanguage\":\"en-US\",\"potentialAction\":[{\"@type\":\"ReadAction\",\"target\":[\"https:\/\/staging.hotelmaterra.com\/deluxe-soba\/\"]}]},{\"@type\":\"ImageObject\",\"inLanguage\":\"en-US\",\"@id\":\"https:\/\/staging.hotelmaterra.com\/deluxe-soba\/#primaryimage\",\"url\":\"https:\/\/staging.hotelmaterra.com\/wp-content\/uploads\/2023\/12\/IMG_3156.webp\",\"contentUrl\":\"https:\/\/staging.hotelmaterra.com\/wp-content\/uploads\/2023\/12\/IMG_3156.webp\",\"width\":2500,\"height\":1667},{\"@type\":\"WebSite\",\"@id\":\"https:\/\/staging.hotelmaterra.com\/#website\",\"url\":\"https:\/\/staging.hotelmaterra.com\/\",\"name\":\"Hotel Materra\",\"description\":\"Back to the Roots\",\"publisher\":{\"@id\":\"https:\/\/staging.hotelmaterra.com\/#organization\"},\"potentialAction\":[{\"@type\":\"SearchAction\",\"target\":{\"@type\":\"EntryPoint\",\"urlTemplate\":\"https:\/\/staging.hotelmaterra.com\/?s={search_term_string}\"},\"query-input\":{\"@type\":\"PropertyValueSpecification\",\"valueRequired\":true,\"valueName\":\"search_term_string\"}}],\"inLanguage\":\"en-US\"},{\"@type\":\"Organization\",\"@id\":\"https:\/\/staging.hotelmaterra.com\/#organization\",\"name\":\"Hotel Materra\",\"url\":\"https:\/\/staging.hotelmaterra.com\/\",\"logo\":{\"@type\":\"ImageObject\",\"inLanguage\":\"en-US\",\"@id\":\"https:\/\/staging.hotelmaterra.com\/#\/schema\/logo\/image\/\",\"url\":\"https:\/\/staging.hotelmaterra.com\/wp-content\/uploads\/2024\/01\/cropped-Materra-Logo-scaled-1-copy.jpg\",\"contentUrl\":\"https:\/\/staging.hotelmaterra.com\/wp-content\/uploads\/2024\/01\/cropped-Materra-Logo-scaled-1-copy.jpg\",\"width\":696,\"height\":696,\"caption\":\"Hotel Materra\"},\"image\":{\"@id\":\"https:\/\/staging.hotelmaterra.com\/#\/schema\/logo\/image\/\"},\"sameAs\":[\"https:\/\/www.facebook.com\/hotelmaterra\",\"https:\/\/www.instagram.com\/hotelmaterra\/\"]}]}<\/script>\n<!-- \/ Yoast SEO plugin. -->","yoast_head_json":{"title":"Deluxe Soba - Hotel Materra","description":"Every accommodation unit is meticulously crafted to seamlessly marry the convenience of contemporary design with organic elements that mirror the essence of the surroundings. In elegantly decorated rooms, minimalist design merges with nature.","robots":{"index":"noindex","follow":"follow","max-snippet":"max-snippet:-1","max-image-preview":"max-image-preview:large","max-video-preview":"max-video-preview:-1"},"og_locale":"en_US","og_type":"article","og_title":"Hotel Materra - Deluxe Room","og_description":"Svaka soba pozorno je osmi\u0161ljena tako \u0161to smo spojili udobnost suvremenoga dizajna s prirodnim elementima koji su refleksija prirodnoga okoli\u0161a. U elegantno ure\u0111enim sobama minimalisti\u010dki dizajn spaja se s prirodom.","og_url":"https:\/\/staging.hotelmaterra.com\/en\/deluxe-room\/","og_site_name":"Hotel Materra","article_publisher":"https:\/\/www.facebook.com\/hotelmaterra","article_modified_time":"2024-08-13T08:35:48+00:00","og_image":[{"width":2500,"height":1667,"url":"https:\/\/staging.hotelmaterra.com\/wp-content\/uploads\/2023\/12\/IMG_3156.webp","type":"image\/webp"}],"twitter_card":"summary_large_image","twitter_title":"Hotel Materra - Deluxe Room","twitter_description":"Svaka soba pozorno je osmi\u0161ljena tako \u0161to smo spojili udobnost suvremenoga dizajna s prirodnim elementima koji su refleksija prirodnoga okoli\u0161a. U elegantno ure\u0111enim sobama minimalisti\u010dki dizajn spaja se s prirodom.","twitter_image":"https:\/\/staging.hotelmaterra.com\/wp-content\/uploads\/2023\/12\/IMG_3156.webp","twitter_misc":{"Est. reading time":"2 minutes"},"schema":{"@context":"https:\/\/schema.org","@graph":[{"@type":"WebPage","@id":"https:\/\/staging.hotelmaterra.com\/deluxe-soba\/","url":"https:\/\/staging.hotelmaterra.com\/deluxe-soba\/","name":"Deluxe Soba - Hotel Materra","isPartOf":{"@id":"https:\/\/staging.hotelmaterra.com\/#website"},"primaryImageOfPage":{"@id":"https:\/\/staging.hotelmaterra.com\/deluxe-soba\/#primaryimage"},"image":{"@id":"https:\/\/staging.hotelmaterra.com\/deluxe-soba\/#primaryimage"},"thumbnailUrl":"https:\/\/staging.hotelmaterra.com\/wp-content\/uploads\/2023\/12\/IMG_3156.webp","datePublished":"2023-12-19T11:29:52+00:00","dateModified":"2024-08-13T08:35:48+00:00","description":"Every accommodation unit is meticulously crafted to seamlessly marry the convenience of contemporary design with organic elements that mirror the essence of the surroundings. In elegantly decorated rooms, minimalist design merges with nature.","inLanguage":"en-US","potentialAction":[{"@type":"ReadAction","target":["https:\/\/staging.hotelmaterra.com\/deluxe-soba\/"]}]},{"@type":"ImageObject","inLanguage":"en-US","@id":"https:\/\/staging.hotelmaterra.com\/deluxe-soba\/#primaryimage","url":"https:\/\/staging.hotelmaterra.com\/wp-content\/uploads\/2023\/12\/IMG_3156.webp","contentUrl":"https:\/\/staging.hotelmaterra.com\/wp-content\/uploads\/2023\/12\/IMG_3156.webp","width":2500,"height":1667},{"@type":"WebSite","@id":"https:\/\/staging.hotelmaterra.com\/#website","url":"https:\/\/staging.hotelmaterra.com\/","name":"Hotel Materra","description":"Back to the Roots","publisher":{"@id":"https:\/\/staging.hotelmaterra.com\/#organization"},"potentialAction":[{"@type":"SearchAction","target":{"@type":"EntryPoint","urlTemplate":"https:\/\/staging.hotelmaterra.com\/?s={search_term_string}"},"query-input":{"@type":"PropertyValueSpecification","valueRequired":true,"valueName":"search_term_string"}}],"inLanguage":"en-US"},{"@type":"Organization","@id":"https:\/\/staging.hotelmaterra.com\/#organization","name":"Hotel Materra","url":"https:\/\/staging.hotelmaterra.com\/","logo":{"@type":"ImageObject","inLanguage":"en-US","@id":"https:\/\/staging.hotelmaterra.com\/#\/schema\/logo\/image\/","url":"https:\/\/staging.hotelmaterra.com\/wp-content\/uploads\/2024\/01\/cropped-Materra-Logo-scaled-1-copy.jpg","contentUrl":"https:\/\/staging.hotelmaterra.com\/wp-content\/uploads\/2024\/01\/cropped-Materra-Logo-scaled-1-copy.jpg","width":696,"height":696,"caption":"Hotel Materra"},"image":{"@id":"https:\/\/staging.hotelmaterra.com\/#\/schema\/logo\/image\/"},"sameAs":["https:\/\/www.facebook.com\/hotelmaterra","https:\/\/www.instagram.com\/hotelmaterra\/"]}]}},"_links":{"self":[{"href":"https:\/\/staging.hotelmaterra.com\/en\/wp-json\/wp\/v2\/pages\/177","targetHints":{"allow":["GET"]}}],"collection":[{"href":"https:\/\/staging.hotelmaterra.com\/en\/wp-json\/wp\/v2\/pages"}],"about":[{"href":"https:\/\/staging.hotelmaterra.com\/en\/wp-json\/wp\/v2\/types\/page"}],"author":[{"embeddable":true,"href":"https:\/\/staging.hotelmaterra.com\/en\/wp-json\/wp\/v2\/users\/1"}],"replies":[{"embeddable":true,"href":"https:\/\/staging.hotelmaterra.com\/en\/wp-json\/wp\/v2\/comments?post=177"}],"version-history":[{"count":2,"href":"https:\/\/staging.hotelmaterra.com\/en\/wp-json\/wp\/v2\/pages\/177\/revisions"}],"predecessor-version":[{"id":594,"href":"https:\/\/staging.hotelmaterra.com\/en\/wp-json\/wp\/v2\/pages\/177\/revisions\/594"}],"wp:featuredmedia":[{"embeddable":true,"href":"https:\/\/staging.hotelmaterra.com\/en\/wp-json\/wp\/v2\/media\/179"}],"wp:attachment":[{"href":"https:\/\/staging.hotelmaterra.com\/en\/wp-json\/wp\/v2\/media?parent=177"}],"curies":[{"name":"wp","href":"https:\/\/api.w.org\/{rel}","templated":true}]}}