{"id":189,"date":"2023-12-19T11:58:56","date_gmt":"2023-12-19T11:58:56","guid":{"rendered":"https:\/\/hotelmaterra.com\/?page_id=189"},"modified":"2024-08-13T08:41:30","modified_gmt":"2024-08-13T08:41:30","slug":"presidential-suite","status":"publish","type":"page","link":"https:\/\/staging.hotelmaterra.com\/en\/predsjednicki-apartman\/","title":{"rendered":"Predsjedni\u010dki Apartman"},"content":{"rendered":"","protected":false},"excerpt":{"rendered":"","protected":false},"author":1,"featured_media":191,"parent":0,"menu_order":0,"comment_status":"closed","ping_status":"closed","template":"","meta":{"footnotes":""},"class_list":["post-189","page","type-page","status-publish","has-post-thumbnail","hentry"],"yoast_head":"<!-- This site is optimized with the Yoast SEO plugin v27.1.1 - https:\/\/yoast.com\/product\/yoast-seo-wordpress\/ -->\n<title>Predsjedni\u010dki Apartman - Hotel Materra<\/title>\n<meta name=\"description\" content=\"Svaka soba pozorno je osmi\u0161ljena tako \u0161to smo spojili udobnost suvremenoga dizajna s prirodnim elementima koji su refleksija prirodnoga okoli\u0161a. U elegantno ure\u0111enim sobama minimalisti\u010dki dizajn spaja se s prirodom.\" \/>\n<meta name=\"robots\" content=\"noindex, follow, max-snippet:-1, max-image-preview:large, max-video-preview:-1\" \/>\n<meta property=\"og:locale\" content=\"en_US\" \/>\n<meta property=\"og:type\" content=\"article\" \/>\n<meta property=\"og:title\" content=\"Hotel Materra - Presidential Suite\" \/>\n<meta property=\"og:description\" content=\"Svaka soba pozorno je osmi\u0161ljena tako \u0161to smo spojili udobnost suvremenoga dizajna s prirodnim elementima koji su refleksija prirodnoga okoli\u0161a. U elegantno ure\u0111enim sobama minimalisti\u010dki dizajn spaja se s prirodom.\" \/>\n<meta property=\"og:url\" content=\"https:\/\/staging.hotelmaterra.com\/en\/presidential-suite\/\" \/>\n<meta property=\"og:site_name\" content=\"Hotel Materra\" \/>\n<meta property=\"article:publisher\" content=\"https:\/\/www.facebook.com\/hotelmaterra\" \/>\n<meta property=\"article:modified_time\" content=\"2024-08-13T08:41:30+00:00\" \/>\n<meta property=\"og:image\" content=\"https:\/\/staging.hotelmaterra.com\/wp-content\/uploads\/2023\/12\/IMG_3120.webp\" \/>\n\t<meta property=\"og:image:width\" content=\"2500\" \/>\n\t<meta property=\"og:image:height\" content=\"1667\" \/>\n\t<meta property=\"og:image:type\" content=\"image\/webp\" \/>\n<meta name=\"twitter:card\" content=\"summary_large_image\" \/>\n<meta name=\"twitter:title\" content=\"Hotel Materra - Presidential Suite\" \/>\n<meta name=\"twitter:description\" content=\"Svaka soba pozorno je osmi\u0161ljena tako \u0161to smo spojili udobnost suvremenoga dizajna s prirodnim elementima koji su refleksija prirodnoga okoli\u0161a. U elegantno ure\u0111enim sobama minimalisti\u010dki dizajn spaja se s prirodom.\" \/>\n<meta name=\"twitter:image\" content=\"https:\/\/staging.hotelmaterra.com\/wp-content\/uploads\/2023\/12\/IMG_3120.webp\" \/>\n<meta name=\"twitter:label1\" content=\"Est. reading time\" \/>\n\t<meta name=\"twitter:data1\" content=\"2 minutes\" \/>\n<script type=\"application\/ld+json\" class=\"yoast-schema-graph\">{\"@context\":\"https:\/\/schema.org\",\"@graph\":[{\"@type\":\"WebPage\",\"@id\":\"https:\/\/staging.hotelmaterra.com\/predsjednicki-apartman\/\",\"url\":\"https:\/\/staging.hotelmaterra.com\/predsjednicki-apartman\/\",\"name\":\"Predsjedni\u010dki Apartman - Hotel Materra\",\"isPartOf\":{\"@id\":\"https:\/\/staging.hotelmaterra.com\/#website\"},\"primaryImageOfPage\":{\"@id\":\"https:\/\/staging.hotelmaterra.com\/predsjednicki-apartman\/#primaryimage\"},\"image\":{\"@id\":\"https:\/\/staging.hotelmaterra.com\/predsjednicki-apartman\/#primaryimage\"},\"thumbnailUrl\":\"https:\/\/staging.hotelmaterra.com\/wp-content\/uploads\/2023\/12\/IMG_3120.webp\",\"datePublished\":\"2023-12-19T11:58:56+00:00\",\"dateModified\":\"2024-08-13T08:41:30+00:00\",\"description\":\"Svaka soba pozorno je osmi\u0161ljena tako \u0161to smo spojili udobnost suvremenoga dizajna s prirodnim elementima koji su refleksija prirodnoga okoli\u0161a. U elegantno ure\u0111enim sobama minimalisti\u010dki dizajn spaja se s prirodom.\",\"inLanguage\":\"en-US\",\"potentialAction\":[{\"@type\":\"ReadAction\",\"target\":[\"https:\/\/staging.hotelmaterra.com\/predsjednicki-apartman\/\"]}]},{\"@type\":\"ImageObject\",\"inLanguage\":\"en-US\",\"@id\":\"https:\/\/staging.hotelmaterra.com\/predsjednicki-apartman\/#primaryimage\",\"url\":\"https:\/\/staging.hotelmaterra.com\/wp-content\/uploads\/2023\/12\/IMG_3120.webp\",\"contentUrl\":\"https:\/\/staging.hotelmaterra.com\/wp-content\/uploads\/2023\/12\/IMG_3120.webp\",\"width\":2500,\"height\":1667},{\"@type\":\"WebSite\",\"@id\":\"https:\/\/staging.hotelmaterra.com\/#website\",\"url\":\"https:\/\/staging.hotelmaterra.com\/\",\"name\":\"Hotel Materra\",\"description\":\"Back to the Roots\",\"publisher\":{\"@id\":\"https:\/\/staging.hotelmaterra.com\/#organization\"},\"potentialAction\":[{\"@type\":\"SearchAction\",\"target\":{\"@type\":\"EntryPoint\",\"urlTemplate\":\"https:\/\/staging.hotelmaterra.com\/?s={search_term_string}\"},\"query-input\":{\"@type\":\"PropertyValueSpecification\",\"valueRequired\":true,\"valueName\":\"search_term_string\"}}],\"inLanguage\":\"en-US\"},{\"@type\":\"Organization\",\"@id\":\"https:\/\/staging.hotelmaterra.com\/#organization\",\"name\":\"Hotel Materra\",\"url\":\"https:\/\/staging.hotelmaterra.com\/\",\"logo\":{\"@type\":\"ImageObject\",\"inLanguage\":\"en-US\",\"@id\":\"https:\/\/staging.hotelmaterra.com\/#\/schema\/logo\/image\/\",\"url\":\"https:\/\/staging.hotelmaterra.com\/wp-content\/uploads\/2024\/01\/cropped-Materra-Logo-scaled-1-copy.jpg\",\"contentUrl\":\"https:\/\/staging.hotelmaterra.com\/wp-content\/uploads\/2024\/01\/cropped-Materra-Logo-scaled-1-copy.jpg\",\"width\":696,\"height\":696,\"caption\":\"Hotel Materra\"},\"image\":{\"@id\":\"https:\/\/staging.hotelmaterra.com\/#\/schema\/logo\/image\/\"},\"sameAs\":[\"https:\/\/www.facebook.com\/hotelmaterra\",\"https:\/\/www.instagram.com\/hotelmaterra\/\"]}]}<\/script>\n<!-- \/ Yoast SEO plugin. -->","yoast_head_json":{"title":"Predsjedni\u010dki Apartman - Hotel Materra","description":"Every accommodation unit is meticulously crafted to seamlessly marry the convenience of contemporary design with organic elements that mirror the essence of the surroundings. In elegantly decorated rooms, minimalist design merges with nature.","robots":{"index":"noindex","follow":"follow","max-snippet":"max-snippet:-1","max-image-preview":"max-image-preview:large","max-video-preview":"max-video-preview:-1"},"og_locale":"en_US","og_type":"article","og_title":"Hotel Materra - Presidential Suite","og_description":"Svaka soba pozorno je osmi\u0161ljena tako \u0161to smo spojili udobnost suvremenoga dizajna s prirodnim elementima koji su refleksija prirodnoga okoli\u0161a. U elegantno ure\u0111enim sobama minimalisti\u010dki dizajn spaja se s prirodom.","og_url":"https:\/\/staging.hotelmaterra.com\/en\/presidential-suite\/","og_site_name":"Hotel Materra","article_publisher":"https:\/\/www.facebook.com\/hotelmaterra","article_modified_time":"2024-08-13T08:41:30+00:00","og_image":[{"width":2500,"height":1667,"url":"https:\/\/staging.hotelmaterra.com\/wp-content\/uploads\/2023\/12\/IMG_3120.webp","type":"image\/webp"}],"twitter_card":"summary_large_image","twitter_title":"Hotel Materra - Presidential Suite","twitter_description":"Svaka soba pozorno je osmi\u0161ljena tako \u0161to smo spojili udobnost suvremenoga dizajna s prirodnim elementima koji su refleksija prirodnoga okoli\u0161a. U elegantno ure\u0111enim sobama minimalisti\u010dki dizajn spaja se s prirodom.","twitter_image":"https:\/\/staging.hotelmaterra.com\/wp-content\/uploads\/2023\/12\/IMG_3120.webp","twitter_misc":{"Est. reading time":"2 minutes"},"schema":{"@context":"https:\/\/schema.org","@graph":[{"@type":"WebPage","@id":"https:\/\/staging.hotelmaterra.com\/predsjednicki-apartman\/","url":"https:\/\/staging.hotelmaterra.com\/predsjednicki-apartman\/","name":"Predsjedni\u010dki Apartman - Hotel Materra","isPartOf":{"@id":"https:\/\/staging.hotelmaterra.com\/#website"},"primaryImageOfPage":{"@id":"https:\/\/staging.hotelmaterra.com\/predsjednicki-apartman\/#primaryimage"},"image":{"@id":"https:\/\/staging.hotelmaterra.com\/predsjednicki-apartman\/#primaryimage"},"thumbnailUrl":"https:\/\/staging.hotelmaterra.com\/wp-content\/uploads\/2023\/12\/IMG_3120.webp","datePublished":"2023-12-19T11:58:56+00:00","dateModified":"2024-08-13T08:41:30+00:00","description":"Every accommodation unit is meticulously crafted to seamlessly marry the convenience of contemporary design with organic elements that mirror the essence of the surroundings. In elegantly decorated rooms, minimalist design merges with nature.","inLanguage":"en-US","potentialAction":[{"@type":"ReadAction","target":["https:\/\/staging.hotelmaterra.com\/predsjednicki-apartman\/"]}]},{"@type":"ImageObject","inLanguage":"en-US","@id":"https:\/\/staging.hotelmaterra.com\/predsjednicki-apartman\/#primaryimage","url":"https:\/\/staging.hotelmaterra.com\/wp-content\/uploads\/2023\/12\/IMG_3120.webp","contentUrl":"https:\/\/staging.hotelmaterra.com\/wp-content\/uploads\/2023\/12\/IMG_3120.webp","width":2500,"height":1667},{"@type":"WebSite","@id":"https:\/\/staging.hotelmaterra.com\/#website","url":"https:\/\/staging.hotelmaterra.com\/","name":"Hotel Materra","description":"Back to the Roots","publisher":{"@id":"https:\/\/staging.hotelmaterra.com\/#organization"},"potentialAction":[{"@type":"SearchAction","target":{"@type":"EntryPoint","urlTemplate":"https:\/\/staging.hotelmaterra.com\/?s={search_term_string}"},"query-input":{"@type":"PropertyValueSpecification","valueRequired":true,"valueName":"search_term_string"}}],"inLanguage":"en-US"},{"@type":"Organization","@id":"https:\/\/staging.hotelmaterra.com\/#organization","name":"Hotel Materra","url":"https:\/\/staging.hotelmaterra.com\/","logo":{"@type":"ImageObject","inLanguage":"en-US","@id":"https:\/\/staging.hotelmaterra.com\/#\/schema\/logo\/image\/","url":"https:\/\/staging.hotelmaterra.com\/wp-content\/uploads\/2024\/01\/cropped-Materra-Logo-scaled-1-copy.jpg","contentUrl":"https:\/\/staging.hotelmaterra.com\/wp-content\/uploads\/2024\/01\/cropped-Materra-Logo-scaled-1-copy.jpg","width":696,"height":696,"caption":"Hotel Materra"},"image":{"@id":"https:\/\/staging.hotelmaterra.com\/#\/schema\/logo\/image\/"},"sameAs":["https:\/\/www.facebook.com\/hotelmaterra","https:\/\/www.instagram.com\/hotelmaterra\/"]}]}},"_links":{"self":[{"href":"https:\/\/staging.hotelmaterra.com\/en\/wp-json\/wp\/v2\/pages\/189","targetHints":{"allow":["GET"]}}],"collection":[{"href":"https:\/\/staging.hotelmaterra.com\/en\/wp-json\/wp\/v2\/pages"}],"about":[{"href":"https:\/\/staging.hotelmaterra.com\/en\/wp-json\/wp\/v2\/types\/page"}],"author":[{"embeddable":true,"href":"https:\/\/staging.hotelmaterra.com\/en\/wp-json\/wp\/v2\/users\/1"}],"replies":[{"embeddable":true,"href":"https:\/\/staging.hotelmaterra.com\/en\/wp-json\/wp\/v2\/comments?post=189"}],"version-history":[{"count":2,"href":"https:\/\/staging.hotelmaterra.com\/en\/wp-json\/wp\/v2\/pages\/189\/revisions"}],"predecessor-version":[{"id":596,"href":"https:\/\/staging.hotelmaterra.com\/en\/wp-json\/wp\/v2\/pages\/189\/revisions\/596"}],"wp:featuredmedia":[{"embeddable":true,"href":"https:\/\/staging.hotelmaterra.com\/en\/wp-json\/wp\/v2\/media\/191"}],"wp:attachment":[{"href":"https:\/\/staging.hotelmaterra.com\/en\/wp-json\/wp\/v2\/media?parent=189"}],"curies":[{"name":"wp","href":"https:\/\/api.w.org\/{rel}","templated":true}]}}