{"id":249,"date":"2024-01-04T10:35:23","date_gmt":"2024-01-04T10:35:23","guid":{"rendered":"https:\/\/hotelmaterra.com\/?page_id=249"},"modified":"2024-01-18T09:12:51","modified_gmt":"2024-01-18T09:12:51","slug":"cepin","status":"publish","type":"page","link":"https:\/\/staging.hotelmaterra.com\/en\/cepin\/","title":{"rendered":"\u010cepin"},"content":{"rendered":"","protected":false},"excerpt":{"rendered":"","protected":false},"author":1,"featured_media":251,"parent":0,"menu_order":0,"comment_status":"closed","ping_status":"closed","template":"","meta":{"footnotes":""},"class_list":["post-249","page","type-page","status-publish","has-post-thumbnail","hentry"],"yoast_head":"<!-- This site is optimized with the Yoast SEO plugin v27.1.1 - https:\/\/yoast.com\/product\/yoast-seo-wordpress\/ -->\n<title>\u010cepin - Hotel Materra<\/title>\n<meta name=\"description\" content=\"Lokacija hotela omogu\u0107ava gostima da se pove\u017eu s prirodom, u\u017eivaju\u0107i u \u0161etnjama, vo\u017enji biciklom ili \u010dak ribolovu na obli\u017enjim rijekama.\" \/>\n<meta name=\"robots\" content=\"noindex, follow, max-snippet:-1, max-image-preview:large, max-video-preview:-1\" \/>\n<meta property=\"og:locale\" content=\"en_US\" \/>\n<meta property=\"og:type\" content=\"article\" \/>\n<meta property=\"og:title\" content=\"Hotel Materra - \u010cepin\" \/>\n<meta property=\"og:description\" content=\"Lokacija hotela omogu\u0107ava gostima da se pove\u017eu s prirodom, u\u017eivaju\u0107i u \u0161etnjama, vo\u017enji biciklom ili \u010dak ribolovu na obli\u017enjim rijekama.\" \/>\n<meta property=\"og:url\" content=\"https:\/\/staging.hotelmaterra.com\/en\/cepin\/\" \/>\n<meta property=\"og:site_name\" content=\"Hotel Materra\" \/>\n<meta property=\"article:publisher\" content=\"https:\/\/www.facebook.com\/hotelmaterra\" \/>\n<meta property=\"article:modified_time\" content=\"2024-01-18T09:12:51+00:00\" \/>\n<meta property=\"og:image\" content=\"https:\/\/staging.hotelmaterra.com\/wp-content\/uploads\/2023\/09\/02-1.webp\" \/>\n\t<meta property=\"og:image:width\" content=\"1000\" \/>\n\t<meta property=\"og:image:height\" content=\"1500\" \/>\n\t<meta property=\"og:image:type\" content=\"image\/webp\" \/>\n<meta name=\"twitter:card\" content=\"summary_large_image\" \/>\n<meta name=\"twitter:title\" content=\"Hotel Materra - \u010cepin\" \/>\n<meta name=\"twitter:description\" content=\"Lokacija hotela omogu\u0107ava gostima da se pove\u017eu s prirodom, u\u017eivaju\u0107i u \u0161etnjama, vo\u017enji biciklom ili \u010dak ribolovu na obli\u017enjim rijekama.\" \/>\n<meta name=\"twitter:image\" content=\"https:\/\/staging.hotelmaterra.com\/wp-content\/uploads\/2023\/09\/02-1.webp\" \/>\n<meta name=\"twitter:label1\" content=\"Est. reading time\" \/>\n\t<meta name=\"twitter:data1\" content=\"3 minutes\" \/>\n<script type=\"application\/ld+json\" class=\"yoast-schema-graph\">{\"@context\":\"https:\/\/schema.org\",\"@graph\":[{\"@type\":\"WebPage\",\"@id\":\"https:\/\/staging.hotelmaterra.com\/cepin\/\",\"url\":\"https:\/\/staging.hotelmaterra.com\/cepin\/\",\"name\":\"\u010cepin - Hotel Materra\",\"isPartOf\":{\"@id\":\"https:\/\/staging.hotelmaterra.com\/#website\"},\"primaryImageOfPage\":{\"@id\":\"https:\/\/staging.hotelmaterra.com\/cepin\/#primaryimage\"},\"image\":{\"@id\":\"https:\/\/staging.hotelmaterra.com\/cepin\/#primaryimage\"},\"thumbnailUrl\":\"https:\/\/staging.hotelmaterra.com\/wp-content\/uploads\/2024\/01\/c59ccb084f0b7cd4c92026e9c966d0c1-scaled.webp\",\"datePublished\":\"2024-01-04T10:35:23+00:00\",\"dateModified\":\"2024-01-18T09:12:51+00:00\",\"description\":\"Lokacija hotela omogu\u0107ava gostima da se pove\u017eu s prirodom, u\u017eivaju\u0107i u \u0161etnjama, vo\u017enji biciklom ili \u010dak ribolovu na obli\u017enjim rijekama.\",\"inLanguage\":\"en-US\",\"potentialAction\":[{\"@type\":\"ReadAction\",\"target\":[\"https:\/\/staging.hotelmaterra.com\/cepin\/\"]}]},{\"@type\":\"ImageObject\",\"inLanguage\":\"en-US\",\"@id\":\"https:\/\/staging.hotelmaterra.com\/cepin\/#primaryimage\",\"url\":\"https:\/\/staging.hotelmaterra.com\/wp-content\/uploads\/2024\/01\/c59ccb084f0b7cd4c92026e9c966d0c1-scaled.webp\",\"contentUrl\":\"https:\/\/staging.hotelmaterra.com\/wp-content\/uploads\/2024\/01\/c59ccb084f0b7cd4c92026e9c966d0c1-scaled.webp\",\"width\":2560,\"height\":1707},{\"@type\":\"WebSite\",\"@id\":\"https:\/\/staging.hotelmaterra.com\/#website\",\"url\":\"https:\/\/staging.hotelmaterra.com\/\",\"name\":\"Hotel Materra\",\"description\":\"Back to the Roots\",\"publisher\":{\"@id\":\"https:\/\/staging.hotelmaterra.com\/#organization\"},\"potentialAction\":[{\"@type\":\"SearchAction\",\"target\":{\"@type\":\"EntryPoint\",\"urlTemplate\":\"https:\/\/staging.hotelmaterra.com\/?s={search_term_string}\"},\"query-input\":{\"@type\":\"PropertyValueSpecification\",\"valueRequired\":true,\"valueName\":\"search_term_string\"}}],\"inLanguage\":\"en-US\"},{\"@type\":\"Organization\",\"@id\":\"https:\/\/staging.hotelmaterra.com\/#organization\",\"name\":\"Hotel Materra\",\"url\":\"https:\/\/staging.hotelmaterra.com\/\",\"logo\":{\"@type\":\"ImageObject\",\"inLanguage\":\"en-US\",\"@id\":\"https:\/\/staging.hotelmaterra.com\/#\/schema\/logo\/image\/\",\"url\":\"https:\/\/staging.hotelmaterra.com\/wp-content\/uploads\/2024\/01\/cropped-Materra-Logo-scaled-1-copy.jpg\",\"contentUrl\":\"https:\/\/staging.hotelmaterra.com\/wp-content\/uploads\/2024\/01\/cropped-Materra-Logo-scaled-1-copy.jpg\",\"width\":696,\"height\":696,\"caption\":\"Hotel Materra\"},\"image\":{\"@id\":\"https:\/\/staging.hotelmaterra.com\/#\/schema\/logo\/image\/\"},\"sameAs\":[\"https:\/\/www.facebook.com\/hotelmaterra\",\"https:\/\/www.instagram.com\/hotelmaterra\/\"]}]}<\/script>\n<!-- \/ Yoast SEO plugin. -->","yoast_head_json":{"title":"\u010cepin - Hotel Materra","description":"The hotel's location allows guests to connect with nature, enjoying walks, bike rides, or even fishing in nearby rivers.","robots":{"index":"noindex","follow":"follow","max-snippet":"max-snippet:-1","max-image-preview":"max-image-preview:large","max-video-preview":"max-video-preview:-1"},"og_locale":"en_US","og_type":"article","og_title":"Hotel Materra - \u010cepin","og_description":"Lokacija hotela omogu\u0107ava gostima da se pove\u017eu s prirodom, u\u017eivaju\u0107i u \u0161etnjama, vo\u017enji biciklom ili \u010dak ribolovu na obli\u017enjim rijekama.","og_url":"https:\/\/staging.hotelmaterra.com\/en\/cepin\/","og_site_name":"Hotel Materra","article_publisher":"https:\/\/www.facebook.com\/hotelmaterra","article_modified_time":"2024-01-18T09:12:51+00:00","og_image":[{"width":1000,"height":1500,"url":"https:\/\/staging.hotelmaterra.com\/wp-content\/uploads\/2023\/09\/02-1.webp","type":"image\/webp"}],"twitter_card":"summary_large_image","twitter_title":"Hotel Materra - \u010cepin","twitter_description":"Lokacija hotela omogu\u0107ava gostima da se pove\u017eu s prirodom, u\u017eivaju\u0107i u \u0161etnjama, vo\u017enji biciklom ili \u010dak ribolovu na obli\u017enjim rijekama.","twitter_image":"https:\/\/staging.hotelmaterra.com\/wp-content\/uploads\/2023\/09\/02-1.webp","twitter_misc":{"Est. reading time":"3 minutes"},"schema":{"@context":"https:\/\/schema.org","@graph":[{"@type":"WebPage","@id":"https:\/\/staging.hotelmaterra.com\/cepin\/","url":"https:\/\/staging.hotelmaterra.com\/cepin\/","name":"\u010cepin - Hotel Materra","isPartOf":{"@id":"https:\/\/staging.hotelmaterra.com\/#website"},"primaryImageOfPage":{"@id":"https:\/\/staging.hotelmaterra.com\/cepin\/#primaryimage"},"image":{"@id":"https:\/\/staging.hotelmaterra.com\/cepin\/#primaryimage"},"thumbnailUrl":"https:\/\/staging.hotelmaterra.com\/wp-content\/uploads\/2024\/01\/c59ccb084f0b7cd4c92026e9c966d0c1-scaled.webp","datePublished":"2024-01-04T10:35:23+00:00","dateModified":"2024-01-18T09:12:51+00:00","description":"The hotel's location allows guests to connect with nature, enjoying walks, bike rides, or even fishing in nearby rivers.","inLanguage":"en-US","potentialAction":[{"@type":"ReadAction","target":["https:\/\/staging.hotelmaterra.com\/cepin\/"]}]},{"@type":"ImageObject","inLanguage":"en-US","@id":"https:\/\/staging.hotelmaterra.com\/cepin\/#primaryimage","url":"https:\/\/staging.hotelmaterra.com\/wp-content\/uploads\/2024\/01\/c59ccb084f0b7cd4c92026e9c966d0c1-scaled.webp","contentUrl":"https:\/\/staging.hotelmaterra.com\/wp-content\/uploads\/2024\/01\/c59ccb084f0b7cd4c92026e9c966d0c1-scaled.webp","width":2560,"height":1707},{"@type":"WebSite","@id":"https:\/\/staging.hotelmaterra.com\/#website","url":"https:\/\/staging.hotelmaterra.com\/","name":"Hotel Materra","description":"Back to the Roots","publisher":{"@id":"https:\/\/staging.hotelmaterra.com\/#organization"},"potentialAction":[{"@type":"SearchAction","target":{"@type":"EntryPoint","urlTemplate":"https:\/\/staging.hotelmaterra.com\/?s={search_term_string}"},"query-input":{"@type":"PropertyValueSpecification","valueRequired":true,"valueName":"search_term_string"}}],"inLanguage":"en-US"},{"@type":"Organization","@id":"https:\/\/staging.hotelmaterra.com\/#organization","name":"Hotel Materra","url":"https:\/\/staging.hotelmaterra.com\/","logo":{"@type":"ImageObject","inLanguage":"en-US","@id":"https:\/\/staging.hotelmaterra.com\/#\/schema\/logo\/image\/","url":"https:\/\/staging.hotelmaterra.com\/wp-content\/uploads\/2024\/01\/cropped-Materra-Logo-scaled-1-copy.jpg","contentUrl":"https:\/\/staging.hotelmaterra.com\/wp-content\/uploads\/2024\/01\/cropped-Materra-Logo-scaled-1-copy.jpg","width":696,"height":696,"caption":"Hotel Materra"},"image":{"@id":"https:\/\/staging.hotelmaterra.com\/#\/schema\/logo\/image\/"},"sameAs":["https:\/\/www.facebook.com\/hotelmaterra","https:\/\/www.instagram.com\/hotelmaterra\/"]}]}},"_links":{"self":[{"href":"https:\/\/staging.hotelmaterra.com\/en\/wp-json\/wp\/v2\/pages\/249","targetHints":{"allow":["GET"]}}],"collection":[{"href":"https:\/\/staging.hotelmaterra.com\/en\/wp-json\/wp\/v2\/pages"}],"about":[{"href":"https:\/\/staging.hotelmaterra.com\/en\/wp-json\/wp\/v2\/types\/page"}],"author":[{"embeddable":true,"href":"https:\/\/staging.hotelmaterra.com\/en\/wp-json\/wp\/v2\/users\/1"}],"replies":[{"embeddable":true,"href":"https:\/\/staging.hotelmaterra.com\/en\/wp-json\/wp\/v2\/comments?post=249"}],"version-history":[{"count":1,"href":"https:\/\/staging.hotelmaterra.com\/en\/wp-json\/wp\/v2\/pages\/249\/revisions"}],"predecessor-version":[{"id":250,"href":"https:\/\/staging.hotelmaterra.com\/en\/wp-json\/wp\/v2\/pages\/249\/revisions\/250"}],"wp:featuredmedia":[{"embeddable":true,"href":"https:\/\/staging.hotelmaterra.com\/en\/wp-json\/wp\/v2\/media\/251"}],"wp:attachment":[{"href":"https:\/\/staging.hotelmaterra.com\/en\/wp-json\/wp\/v2\/media?parent=249"}],"curies":[{"name":"wp","href":"https:\/\/api.w.org\/{rel}","templated":true}]}}