{"id":90,"date":"2023-09-14T13:35:59","date_gmt":"2023-09-14T13:35:59","guid":{"rendered":"https:\/\/hotelmaterra.com\/?page_id=90"},"modified":"2024-08-13T08:15:55","modified_gmt":"2024-08-13T08:15:55","slug":"experience-slavonia","status":"publish","type":"page","link":"https:\/\/staging.hotelmaterra.com\/en\/iskusite-slavoniju\/","title":{"rendered":"Experience Slavonia"},"content":{"rendered":"","protected":false},"excerpt":{"rendered":"","protected":false},"author":1,"featured_media":108,"parent":0,"menu_order":0,"comment_status":"closed","ping_status":"closed","template":"","meta":{"footnotes":""},"class_list":["post-90","page","type-page","status-publish","has-post-thumbnail","hentry"],"yoast_head":"<!-- This site is optimized with the Yoast SEO plugin v27.1.1 - https:\/\/yoast.com\/product\/yoast-seo-wordpress\/ -->\n<title>Iskusite Slavoniju - Hotel Materra<\/title>\n<meta name=\"description\" content=\"Smje\u0161ten u samom srcu Slavonije, u neposrednoj blizini Ssijeka, \u0110akova, Vukovara i pitoreskne Baranje te \u017eivopisnoga Iloka.\" \/>\n<meta name=\"robots\" content=\"noindex, follow, max-snippet:-1, max-image-preview:large, max-video-preview:-1\" \/>\n<meta property=\"og:locale\" content=\"en_US\" \/>\n<meta property=\"og:type\" content=\"article\" \/>\n<meta property=\"og:title\" content=\"Hotel Materra - Destination &amp; Experiences\" \/>\n<meta property=\"og:description\" content=\"Smje\u0161ten u samom srcu Slavonije, u neposrednoj blizini Ssijeka, \u0110akova, Vukovara i pitoreskne Baranje te \u017eivopisnoga Iloka.\" \/>\n<meta property=\"og:url\" content=\"https:\/\/staging.hotelmaterra.com\/en\/experience-slavonia\/\" \/>\n<meta property=\"og:site_name\" content=\"Hotel Materra\" \/>\n<meta property=\"article:publisher\" content=\"https:\/\/www.facebook.com\/hotelmaterra\" \/>\n<meta property=\"article:modified_time\" content=\"2024-08-13T08:15:55+00:00\" \/>\n<meta property=\"og:image\" content=\"https:\/\/staging.hotelmaterra.com\/wp-content\/uploads\/2023\/09\/field-crop-cereal-grain-67670264ef06d251255810d945ba0c5b-scaled.webp\" \/>\n\t<meta property=\"og:image:width\" content=\"2560\" \/>\n\t<meta property=\"og:image:height\" content=\"1707\" \/>\n\t<meta property=\"og:image:type\" content=\"image\/webp\" \/>\n<meta name=\"twitter:card\" content=\"summary_large_image\" \/>\n<meta name=\"twitter:title\" content=\"Hotel Materra - Destination &amp; Experiences\" \/>\n<meta name=\"twitter:description\" content=\"Smje\u0161ten u samom srcu Slavonije, u neposrednoj blizini Ssijeka, \u0110akova, Vukovara i pitoreskne Baranje te \u017eivopisnoga Iloka.\" \/>\n<meta name=\"twitter:image\" content=\"https:\/\/staging.hotelmaterra.com\/wp-content\/uploads\/2023\/09\/field-crop-cereal-grain-67670264ef06d251255810d945ba0c5b-scaled.webp\" \/>\n<meta name=\"twitter:label1\" content=\"Est. reading time\" \/>\n\t<meta name=\"twitter:data1\" content=\"6 minutes\" \/>\n<script type=\"application\/ld+json\" class=\"yoast-schema-graph\">{\"@context\":\"https:\/\/schema.org\",\"@graph\":[{\"@type\":\"WebPage\",\"@id\":\"https:\/\/staging.hotelmaterra.com\/iskusite-slavoniju\/\",\"url\":\"https:\/\/staging.hotelmaterra.com\/iskusite-slavoniju\/\",\"name\":\"Iskusite Slavoniju - Hotel Materra\",\"isPartOf\":{\"@id\":\"https:\/\/staging.hotelmaterra.com\/#website\"},\"primaryImageOfPage\":{\"@id\":\"https:\/\/staging.hotelmaterra.com\/iskusite-slavoniju\/#primaryimage\"},\"image\":{\"@id\":\"https:\/\/staging.hotelmaterra.com\/iskusite-slavoniju\/#primaryimage\"},\"thumbnailUrl\":\"https:\/\/staging.hotelmaterra.com\/wp-content\/uploads\/2023\/09\/field-crop-cereal-grain-67670264ef06d251255810d945ba0c5b-scaled.webp\",\"datePublished\":\"2023-09-14T13:35:59+00:00\",\"dateModified\":\"2024-08-13T08:15:55+00:00\",\"description\":\"Smje\u0161ten u samom srcu Slavonije, u neposrednoj blizini Ssijeka, \u0110akova, Vukovara i pitoreskne Baranje te \u017eivopisnoga Iloka.\",\"inLanguage\":\"en-US\",\"potentialAction\":[{\"@type\":\"ReadAction\",\"target\":[\"https:\/\/staging.hotelmaterra.com\/iskusite-slavoniju\/\"]}]},{\"@type\":\"ImageObject\",\"inLanguage\":\"en-US\",\"@id\":\"https:\/\/staging.hotelmaterra.com\/iskusite-slavoniju\/#primaryimage\",\"url\":\"https:\/\/staging.hotelmaterra.com\/wp-content\/uploads\/2023\/09\/field-crop-cereal-grain-67670264ef06d251255810d945ba0c5b-scaled.webp\",\"contentUrl\":\"https:\/\/staging.hotelmaterra.com\/wp-content\/uploads\/2023\/09\/field-crop-cereal-grain-67670264ef06d251255810d945ba0c5b-scaled.webp\",\"width\":2560,\"height\":1707},{\"@type\":\"WebSite\",\"@id\":\"https:\/\/staging.hotelmaterra.com\/#website\",\"url\":\"https:\/\/staging.hotelmaterra.com\/\",\"name\":\"Hotel Materra\",\"description\":\"Back to the Roots\",\"publisher\":{\"@id\":\"https:\/\/staging.hotelmaterra.com\/#organization\"},\"potentialAction\":[{\"@type\":\"SearchAction\",\"target\":{\"@type\":\"EntryPoint\",\"urlTemplate\":\"https:\/\/staging.hotelmaterra.com\/?s={search_term_string}\"},\"query-input\":{\"@type\":\"PropertyValueSpecification\",\"valueRequired\":true,\"valueName\":\"search_term_string\"}}],\"inLanguage\":\"en-US\"},{\"@type\":\"Organization\",\"@id\":\"https:\/\/staging.hotelmaterra.com\/#organization\",\"name\":\"Hotel Materra\",\"url\":\"https:\/\/staging.hotelmaterra.com\/\",\"logo\":{\"@type\":\"ImageObject\",\"inLanguage\":\"en-US\",\"@id\":\"https:\/\/staging.hotelmaterra.com\/#\/schema\/logo\/image\/\",\"url\":\"https:\/\/staging.hotelmaterra.com\/wp-content\/uploads\/2024\/01\/cropped-Materra-Logo-scaled-1-copy.jpg\",\"contentUrl\":\"https:\/\/staging.hotelmaterra.com\/wp-content\/uploads\/2024\/01\/cropped-Materra-Logo-scaled-1-copy.jpg\",\"width\":696,\"height\":696,\"caption\":\"Hotel Materra\"},\"image\":{\"@id\":\"https:\/\/staging.hotelmaterra.com\/#\/schema\/logo\/image\/\"},\"sameAs\":[\"https:\/\/www.facebook.com\/hotelmaterra\",\"https:\/\/www.instagram.com\/hotelmaterra\/\"]}]}<\/script>\n<!-- \/ Yoast SEO plugin. -->","yoast_head_json":{"title":"Iskusite Slavoniju - Hotel Materra","description":"Located in the central hub of Slavonia, in close proximity to Osijek, \u0110akovo, Vukovar, the scenic Baranja, and the lively Ilok.","robots":{"index":"noindex","follow":"follow","max-snippet":"max-snippet:-1","max-image-preview":"max-image-preview:large","max-video-preview":"max-video-preview:-1"},"og_locale":"en_US","og_type":"article","og_title":"Hotel Materra - Destination & Experiences","og_description":"Smje\u0161ten u samom srcu Slavonije, u neposrednoj blizini Ssijeka, \u0110akova, Vukovara i pitoreskne Baranje te \u017eivopisnoga Iloka.","og_url":"https:\/\/staging.hotelmaterra.com\/en\/experience-slavonia\/","og_site_name":"Hotel Materra","article_publisher":"https:\/\/www.facebook.com\/hotelmaterra","article_modified_time":"2024-08-13T08:15:55+00:00","og_image":[{"width":2560,"height":1707,"url":"https:\/\/staging.hotelmaterra.com\/wp-content\/uploads\/2023\/09\/field-crop-cereal-grain-67670264ef06d251255810d945ba0c5b-scaled.webp","type":"image\/webp"}],"twitter_card":"summary_large_image","twitter_title":"Hotel Materra - Destination & Experiences","twitter_description":"Smje\u0161ten u samom srcu Slavonije, u neposrednoj blizini Ssijeka, \u0110akova, Vukovara i pitoreskne Baranje te \u017eivopisnoga Iloka.","twitter_image":"https:\/\/staging.hotelmaterra.com\/wp-content\/uploads\/2023\/09\/field-crop-cereal-grain-67670264ef06d251255810d945ba0c5b-scaled.webp","twitter_misc":{"Est. reading time":"6 minutes"},"schema":{"@context":"https:\/\/schema.org","@graph":[{"@type":"WebPage","@id":"https:\/\/staging.hotelmaterra.com\/iskusite-slavoniju\/","url":"https:\/\/staging.hotelmaterra.com\/iskusite-slavoniju\/","name":"Iskusite Slavoniju - Hotel Materra","isPartOf":{"@id":"https:\/\/staging.hotelmaterra.com\/#website"},"primaryImageOfPage":{"@id":"https:\/\/staging.hotelmaterra.com\/iskusite-slavoniju\/#primaryimage"},"image":{"@id":"https:\/\/staging.hotelmaterra.com\/iskusite-slavoniju\/#primaryimage"},"thumbnailUrl":"https:\/\/staging.hotelmaterra.com\/wp-content\/uploads\/2023\/09\/field-crop-cereal-grain-67670264ef06d251255810d945ba0c5b-scaled.webp","datePublished":"2023-09-14T13:35:59+00:00","dateModified":"2024-08-13T08:15:55+00:00","description":"Located in the central hub of Slavonia, in close proximity to Osijek, \u0110akovo, Vukovar, the scenic Baranja, and the lively Ilok.","inLanguage":"en-US","potentialAction":[{"@type":"ReadAction","target":["https:\/\/staging.hotelmaterra.com\/iskusite-slavoniju\/"]}]},{"@type":"ImageObject","inLanguage":"en-US","@id":"https:\/\/staging.hotelmaterra.com\/iskusite-slavoniju\/#primaryimage","url":"https:\/\/staging.hotelmaterra.com\/wp-content\/uploads\/2023\/09\/field-crop-cereal-grain-67670264ef06d251255810d945ba0c5b-scaled.webp","contentUrl":"https:\/\/staging.hotelmaterra.com\/wp-content\/uploads\/2023\/09\/field-crop-cereal-grain-67670264ef06d251255810d945ba0c5b-scaled.webp","width":2560,"height":1707},{"@type":"WebSite","@id":"https:\/\/staging.hotelmaterra.com\/#website","url":"https:\/\/staging.hotelmaterra.com\/","name":"Hotel Materra","description":"Back to the Roots","publisher":{"@id":"https:\/\/staging.hotelmaterra.com\/#organization"},"potentialAction":[{"@type":"SearchAction","target":{"@type":"EntryPoint","urlTemplate":"https:\/\/staging.hotelmaterra.com\/?s={search_term_string}"},"query-input":{"@type":"PropertyValueSpecification","valueRequired":true,"valueName":"search_term_string"}}],"inLanguage":"en-US"},{"@type":"Organization","@id":"https:\/\/staging.hotelmaterra.com\/#organization","name":"Hotel Materra","url":"https:\/\/staging.hotelmaterra.com\/","logo":{"@type":"ImageObject","inLanguage":"en-US","@id":"https:\/\/staging.hotelmaterra.com\/#\/schema\/logo\/image\/","url":"https:\/\/staging.hotelmaterra.com\/wp-content\/uploads\/2024\/01\/cropped-Materra-Logo-scaled-1-copy.jpg","contentUrl":"https:\/\/staging.hotelmaterra.com\/wp-content\/uploads\/2024\/01\/cropped-Materra-Logo-scaled-1-copy.jpg","width":696,"height":696,"caption":"Hotel Materra"},"image":{"@id":"https:\/\/staging.hotelmaterra.com\/#\/schema\/logo\/image\/"},"sameAs":["https:\/\/www.facebook.com\/hotelmaterra","https:\/\/www.instagram.com\/hotelmaterra\/"]}]}},"_links":{"self":[{"href":"https:\/\/staging.hotelmaterra.com\/en\/wp-json\/wp\/v2\/pages\/90","targetHints":{"allow":["GET"]}}],"collection":[{"href":"https:\/\/staging.hotelmaterra.com\/en\/wp-json\/wp\/v2\/pages"}],"about":[{"href":"https:\/\/staging.hotelmaterra.com\/en\/wp-json\/wp\/v2\/types\/page"}],"author":[{"embeddable":true,"href":"https:\/\/staging.hotelmaterra.com\/en\/wp-json\/wp\/v2\/users\/1"}],"replies":[{"embeddable":true,"href":"https:\/\/staging.hotelmaterra.com\/en\/wp-json\/wp\/v2\/comments?post=90"}],"version-history":[{"count":3,"href":"https:\/\/staging.hotelmaterra.com\/en\/wp-json\/wp\/v2\/pages\/90\/revisions"}],"predecessor-version":[{"id":590,"href":"https:\/\/staging.hotelmaterra.com\/en\/wp-json\/wp\/v2\/pages\/90\/revisions\/590"}],"wp:featuredmedia":[{"embeddable":true,"href":"https:\/\/staging.hotelmaterra.com\/en\/wp-json\/wp\/v2\/media\/108"}],"wp:attachment":[{"href":"https:\/\/staging.hotelmaterra.com\/en\/wp-json\/wp\/v2\/media?parent=90"}],"curies":[{"name":"wp","href":"https:\/\/api.w.org\/{rel}","templated":true}]}}